{"id":204,"date":"2025-11-30T16:21:47","date_gmt":"2025-11-30T16:21:47","guid":{"rendered":"https:\/\/jf-figueiradoscavaleiros.pt\/inicio\/?page_id=204"},"modified":"2025-11-30T16:21:47","modified_gmt":"2025-11-30T16:21:47","slug":"executivo","status":"publish","type":"page","link":"https:\/\/jf-figueiradoscavaleiros.pt\/inicio\/executivo\/","title":{"rendered":"Executivo"},"content":{"rendered":"<div id=\"pl-204\"  class=\"panel-layout\" ><div id=\"pg-204-0\"  class=\"panel-grid panel-no-style\" ><div id=\"pgc-204-0-0\"  class=\"panel-grid-cell\" ><div id=\"panel-204-0-0-0\" class=\"so-panel widget widget_sow-editor panel-first-child panel-last-child\" data-index=\"0\" ><div\n\t\t\t\n\t\t\tclass=\"so-widget-sow-editor so-widget-sow-editor-base\"\n\t\t\t\n\t\t>\n<div class=\"siteorigin-widget-tinymce textwidget\">\n\t<div class=\"tmm tmm_executivo\"><div class=\"tmm_3_columns tmm_wrap tmm_plugin_f\"><span class=\"tmm_two_containers_tablet\"><\/span><div class=\"tmm_container\"><div class=\"tmm_member\" style=\"border-top:#333333 solid 5px;\"><div class=\"tmm_photo tmm_pic_executivo_0\" style=\"background: url(https:\/\/jf-figueiradoscavaleiros.pt\/inicio\/wp-content\/uploads\/2025\/11\/Presidente.jpg); margin-left: auto; margin-right:auto; background-size:cover !important;\"><\/div><div class=\"tmm_textblock\"><div class=\"tmm_names\"><span class=\"tmm_fname\">Jos\u00e9 Manuel Baltazar<\/span> <span class=\"tmm_lname\">Duarte<\/span><\/div><div class=\"tmm_job\">Presidente de Junta de Freguesia de Figueira dos Cavaleiros<\/div><div class=\"tmm_desc\" style=\"text-align:\"><p>For\u00e7a Politica (PS)<\/p><\/div><div class=\"tmm_scblock\"><\/div><\/div><\/div><div class=\"tmm_member\" style=\"border-top:#333333 solid 5px;\"><div class=\"tmm_photo tmm_pic_executivo_1\" style=\"background: url(https:\/\/jf-figueiradoscavaleiros.pt\/inicio\/wp-content\/uploads\/2025\/11\/xana-160x168-1.jpg); margin-left: auto; margin-right:auto; background-size:cover !important;\"><\/div><div class=\"tmm_textblock\"><div class=\"tmm_names\"><span class=\"tmm_fname\">Paula Alexandra Salgado Catal\u00e3o Canilhas<\/span> <span class=\"tmm_lname\">Parreira<\/span><\/div><div class=\"tmm_job\">Secret\u00e1ria da Junta de Freguesia de Figueira dos Cavaleiros<\/div><div class=\"tmm_desc\" style=\"text-align:\"><p>For\u00e7a Politica (PS)<\/p><\/div><div class=\"tmm_scblock\"><\/div><\/div><\/div><span class=\"tmm_two_containers_tablet\"><\/span><div class=\"tmm_member\" style=\"border-top:#333333 solid 5px;\"><div class=\"tmm_photo tmm_pic_executivo_2\" style=\"background: url(https:\/\/jf-figueiradoscavaleiros.pt\/inicio\/wp-content\/uploads\/2025\/11\/joaquim-160x168-1.jpg); margin-left: auto; margin-right:auto; background-size:cover !important;\"><\/div><div class=\"tmm_textblock\"><div class=\"tmm_names\"><span class=\"tmm_fname\">Joaquim Ol\u00edmpio Gamito<\/span> <span class=\"tmm_lname\">Bai\u00e3o<\/span><\/div><div class=\"tmm_job\">Tesoureiro da Junta de Freguesia de Figueira dos Cavaleiros<\/div><div class=\"tmm_desc\" style=\"text-align:\"><p>For\u00e7a Politica (PS)<\/p><\/div><div class=\"tmm_scblock\"><\/div><\/div><\/div><div style=\"clear:both;\"><\/div><\/div><\/div><\/div>\n<\/div>\n<\/div><\/div><\/div><\/div><\/div>","protected":false},"excerpt":{"rendered":"<p>Jos\u00e9 Manuel Baltazar Duarte Presidente de Junta de Freguesia de Figueira dos Cavaleiros For\u00e7a Politica (PS) Paula Alexandra Salgado Catal\u00e3o [&hellip;]<\/p>\n","protected":false},"author":1,"featured_media":0,"parent":0,"menu_order":0,"comment_status":"closed","ping_status":"closed","template":"","meta":{"footnotes":""},"class_list":["post-204","page","type-page","status-publish","hentry"],"_links":{"self":[{"href":"https:\/\/jf-figueiradoscavaleiros.pt\/inicio\/wp-json\/wp\/v2\/pages\/204","targetHints":{"allow":["GET"]}}],"collection":[{"href":"https:\/\/jf-figueiradoscavaleiros.pt\/inicio\/wp-json\/wp\/v2\/pages"}],"about":[{"href":"https:\/\/jf-figueiradoscavaleiros.pt\/inicio\/wp-json\/wp\/v2\/types\/page"}],"author":[{"embeddable":true,"href":"https:\/\/jf-figueiradoscavaleiros.pt\/inicio\/wp-json\/wp\/v2\/users\/1"}],"replies":[{"embeddable":true,"href":"https:\/\/jf-figueiradoscavaleiros.pt\/inicio\/wp-json\/wp\/v2\/comments?post=204"}],"version-history":[{"count":1,"href":"https:\/\/jf-figueiradoscavaleiros.pt\/inicio\/wp-json\/wp\/v2\/pages\/204\/revisions"}],"predecessor-version":[{"id":205,"href":"https:\/\/jf-figueiradoscavaleiros.pt\/inicio\/wp-json\/wp\/v2\/pages\/204\/revisions\/205"}],"wp:attachment":[{"href":"https:\/\/jf-figueiradoscavaleiros.pt\/inicio\/wp-json\/wp\/v2\/media?parent=204"}],"curies":[{"name":"wp","href":"https:\/\/api.w.org\/{rel}","templated":true}]}}